{"id":2161,"date":"2022-02-18T13:26:57","date_gmt":"2022-02-18T12:26:57","guid":{"rendered":"https:\/\/pintegaxardins.es\/?page_id=2161"},"modified":"2022-02-18T13:26:57","modified_gmt":"2022-02-18T12:26:57","slug":"contacto","status":"publish","type":"page","link":"https:\/\/pintegaxardins.es\/es\/contacto\/","title":{"rendered":"Contacto"},"content":{"rendered":"<p>[vc_row][vc_column][vc_column_text]<iframe loading=\"lazy\" style=\"border: 0;\" src=\"https:\/\/www.google.com\/maps\/embed?pb=!1m14!1m8!1m3!1d11823.641160760453!2d-8.7704052!3d42.1949856!3m2!1i1024!2i768!4f13.1!3m3!1m2!1s0x0%3A0x4ed2557065880139!2sTienda%20P%C3%ADntega!5e0!3m2!1ses!2ses!4v1626980295624!5m2!1ses!2ses\" width=\"800\" height=\"600\" allowfullscreen=\"allowfullscreen\"><\/iframe><\/p>\n<figure><img loading=\"lazy\" decoding=\"async\" src=\"https:\/\/tiendapintega.es\/wp-content\/uploads\/2020\/02\/address.png\" alt=\"\" width=\"49\" height=\"49\" \/><\/figure>\n<h3>Datos de Contacto<\/h3>\n<p>Direcci\u00f3n: Bajada G\u00e1ndara, 6, 36330 Vigo, Pontevedra<br \/>\nEmail: <a href=\"mailto:info@tiendapintega.es\">info@tiendapintega.es<\/a><br \/>\nM\u00f3vil: 672 129 632<br \/>\nTel\u00e9fono: 986 093 955<\/p>\n<form action=\"\/wp-admin\/admin-ajax.php#wpcf7-f1999-o3\" method=\"post\" novalidate=\"novalidate\" data-status=\"init\"><input name=\"_wpcf7\" type=\"hidden\" value=\"1999\" \/><br \/>\n<input name=\"_wpcf7_version\" type=\"hidden\" value=\"5.4.1\" \/><br \/>\n<input name=\"_wpcf7_locale\" type=\"hidden\" value=\"en_US\" \/><br \/>\n<input name=\"_wpcf7_unit_tag\" type=\"hidden\" value=\"wpcf7-f1999-o3\" \/><br \/>\n<input name=\"_wpcf7_container_post\" type=\"hidden\" value=\"0\" \/><br \/>\n<input name=\"_wpcf7_posted_data_hash\" type=\"hidden\" value=\"\" \/><br \/>\n<input name=\"ctc_name\" size=\"40\" type=\"text\" value=\"\" placeholder=\"Nombre*\" aria-required=\"true\" aria-invalid=\"false\" \/><br \/>\n<input name=\"ctc_email\" size=\"40\" type=\"email\" value=\"\" placeholder=\"Email*\" aria-required=\"true\" aria-invalid=\"false\" \/><br \/>\n<input name=\"ctc_phone\" size=\"40\" type=\"tel\" value=\"\" placeholder=\"Tel\u00e9fono*\" aria-required=\"true\" aria-invalid=\"false\" \/><br \/>\n<textarea cols=\"40\" name=\"ctc_message\" rows=\"10\" placeholder=\"Mensaje*\" aria-required=\"true\" aria-invalid=\"false\"><\/textarea><br \/>\n<button type=\"submit\">ENVIAR<\/button><\/form>\n<h4>Consentimiento para el tratamiento de datos personales<\/h4>\n<p><strong>PINTEGA XARDINS S.L.<\/strong> es el Responsable del tratamiento de los datos personales del Usuario y le informa de que estos datos se tratar\u00e1n de conformidad con lo dispuesto en el Reglamento (UE) 2016\/679, de 27 de abril (GDPR), y la Ley Org\u00e1nica 3\/2018, de 5 de diciembre (LOPDGDD), por lo que se le facilita la siguiente informaci\u00f3n del tratamiento:<\/p>\n<p><strong>Fines y legitimaci\u00f3n del tratamiento<\/strong>: mantener una relaci\u00f3n comercial (por inter\u00e9s leg\u00edtimo del responsable, art. 6.1.f GDPR) y env\u00edo de comunicaciones de productos o servicios (con el consentimiento del interesado, art. 6.1.a GDPR).<\/p>\n<p><strong>Criterios de conservaci\u00f3n de los datos<\/strong>: se conservar\u00e1n durante no m\u00e1s tiempo del necesario para mantener el fin del tratamiento o existan prescripciones legales que dictaminen su custodia y cuando ya no sea necesario para ello, se suprimir\u00e1n con medidas de seguridad adecuadas para garantizar la anonimizaci\u00f3n de los datos o la destrucci\u00f3n total de los mismos.<\/p>\n<p><strong>Comunicaci\u00f3n de los datos<\/strong>: no se comunicar\u00e1n los datos a terceros, salvo obligaci\u00f3n legal.<\/p>\n<p><strong>Derechos que asisten al Usuario<\/strong>:<\/p>\n<ul>\n<li>Derecho a retirar el consentimiento en cualquier momento.<\/li>\n<li>Derecho de acceso, rectificaci\u00f3n, portabilidad y supresi\u00f3n de sus datos, y de limitaci\u00f3n u oposici\u00f3n a su tratamiento.<\/li>\n<li>Derecho a presentar una reclamaci\u00f3n ante la Autoridad de control (www.aepd.es) si considera que el tratamiento no se ajusta a la normativa vigente.<\/li>\n<\/ul>\n<p><strong>Datos de contacto para ejercer sus derechos<\/strong>:<\/p>\n<p>PINTEGA XARDINS S.L.. BAJADA G\u00c1NDARA, 6 36330 VIGO (Pontevedra). Email: info@pintegaxardins.es<\/p>\n<p>Para continuar debe aceptar que ha le\u00eddo y est\u00e1 conforme con la cl\u00e1usula anterior.[\/vc_column_text][\/vc_column][\/vc_row][vc_row][vc_column][vc_single_image image=\u00bb2145&#8243; img_size=\u00bbfull\u00bb alignment=\u00bbright\u00bb][\/vc_column][\/vc_row]<\/p>\n","protected":false},"excerpt":{"rendered":"<p>[vc_row][vc_column][vc_column_text] Datos de Contacto Direcci\u00f3n: Bajada G\u00e1ndara, 6, 36330 Vigo, Pontevedra Email: info@tiendapintega.es M\u00f3vil: 672 129 632 Tel\u00e9fono: 986 093 955 ENVIAR Consentimiento para el tratamiento de datos personales PINTEGA XARDINS S.L. es el Responsable del tratamiento de los datos personales del Usuario y le informa de que estos datos se tratar\u00e1n de conformidad con&hellip;<\/p>\n","protected":false},"author":1,"featured_media":0,"parent":0,"menu_order":0,"comment_status":"closed","ping_status":"closed","template":"","meta":[],"class_list":["post-2161","page","type-page","status-publish","hentry","description-off"],"_links":{"self":[{"href":"https:\/\/pintegaxardins.es\/es\/wp-json\/wp\/v2\/pages\/2161","targetHints":{"allow":["GET"]}}],"collection":[{"href":"https:\/\/pintegaxardins.es\/es\/wp-json\/wp\/v2\/pages"}],"about":[{"href":"https:\/\/pintegaxardins.es\/es\/wp-json\/wp\/v2\/types\/page"}],"author":[{"embeddable":true,"href":"https:\/\/pintegaxardins.es\/es\/wp-json\/wp\/v2\/users\/1"}],"replies":[{"embeddable":true,"href":"https:\/\/pintegaxardins.es\/es\/wp-json\/wp\/v2\/comments?post=2161"}],"version-history":[{"count":1,"href":"https:\/\/pintegaxardins.es\/es\/wp-json\/wp\/v2\/pages\/2161\/revisions"}],"predecessor-version":[{"id":2162,"href":"https:\/\/pintegaxardins.es\/es\/wp-json\/wp\/v2\/pages\/2161\/revisions\/2162"}],"wp:attachment":[{"href":"https:\/\/pintegaxardins.es\/es\/wp-json\/wp\/v2\/media?parent=2161"}],"curies":[{"name":"wp","href":"https:\/\/api.w.org\/{rel}","templated":true}]}}