{"id":2591,"date":"2022-02-18T12:48:25","date_gmt":"2022-02-18T11:48:25","guid":{"rendered":"https:\/\/pintegaxardins.es\/?page_id=2591"},"modified":"2025-11-09T17:59:44","modified_gmt":"2025-11-09T16:59:44","slug":"politica-de-privacidade","status":"publish","type":"page","link":"https:\/\/pintegaxardins.es\/pt-pt\/politica-de-privacidade\/","title":{"rendered":"Pol\u00edtica de Privacidade"},"content":{"rendered":"<p>[vc_row][vc_column][vc_column_text]<\/p>\n<h2 style=\"text-align: center;\">POL\u00cdTICA DE PRIVACIDADE<\/h2>\n<ol>\n<li><strong>INFORMA\u00c7\u00c3O AO UTILIZADOR<\/strong><\/li>\n<\/ol>\n<p><strong>\u00a0<\/strong><\/p>\n<p><strong>\u00a0<\/strong><\/p>\n<p>Quem \u00e9 o respons\u00e1vel pelo tratamento dos seus dados pessoais?<\/p>\n<p><strong>\u00a0<\/strong><\/p>\n<p><strong>PINTEGA XARDINS S.L. <\/strong>\u00e9 o RESPONS\u00c1VEL pelo tratamento dos dados pessoais do UTILIZADOR e informa-o de que esses dados ser\u00e3o tratados em conformidade com o disposto no Regulamento (UE) 2016\/679, de 27 de abril (RGPD), e na Lei Org\u00e2nica 3\/2018, de 5 de dezembro (LOPDGDD).<\/p>\n<p>&nbsp;<\/p>\n<p>&nbsp;<\/p>\n<p>Para que tratamos os seus dados pessoais?<\/p>\n<p><strong>\u00a0<\/strong><br \/>\nPara manter uma rela\u00e7\u00e3o comercial com o utilizador. As opera\u00e7\u00f5es previstas para realizar o tratamento s\u00e3o:<br \/>\n&nbsp;<\/p>\n<p>Envio de comunica\u00e7\u00f5es comerciais publicit\u00e1rias por e-mail, fax, SMS, MMS, redes sociais ou qualquer outro meio eletr\u00f3nico ou f\u00edsico, presente ou futuro, que permita realizar comunica\u00e7\u00f5es comerciais. Estas comunica\u00e7\u00f5es ser\u00e3o realizadas pelo RESPONS\u00c1VEL e estar\u00e3o relacionadas com os seus produtos e servi\u00e7os, ou com os seus colaboradores ou fornecedores, com os quais tenha celebrado algum acordo de promo\u00e7\u00e3o. Neste caso, os terceiros nunca ter\u00e3o acesso aos dados pessoais.<\/p>\n<p>Realizar estudos de mercado e an\u00e1lises estat\u00edsticas.<\/p>\n<p>Processar encomendas, pedidos, responder a consultas ou qualquer tipo de pedido que seja feito pelo UTILIZADOR atrav\u00e9s de qualquer uma das formas de contacto que est\u00e3o \u00e0 sua disposi\u00e7\u00e3o na p\u00e1gina web do RESPONS\u00c1VEL.<\/p>\n<p>Enviar o boletim informativo online sobre novidades, ofertas e promo\u00e7\u00f5es na nossa atividade.<strong>.<\/strong><\/p>\n<p><strong>\u00a0<\/strong><\/p>\n<p><strong>\u00a0<\/strong><\/p>\n<p>Por que motivo podemos tratar os seus dados pessoais?<\/p>\n<p><strong>\u00a0<\/strong><\/p>\n<p>Porque o tratamento \u00e9 legitimado pelo artigo 6.\u00ba do RGPD da seguinte forma:<\/p>\n<p>&nbsp;<\/p>\n<p>Com o consentimento do UTILIZADOR: envio de comunica\u00e7\u00f5es comerciais e da newsletter.<\/p>\n<p>Por interesse leg\u00edtimo do RESPONS\u00c1VEL: realizar estudos de mercado, an\u00e1lises estat\u00edsticas, etc. e processar encomendas, pedidos, etc. a pedido do UTILIZADOR.<\/p>\n<p>&nbsp;<\/p>\n<p>Durante quanto tempo guardaremos os seus dados pessoais?<\/p>\n<p><strong>\u00a0<\/strong><\/p>\n<p>Ser\u00e3o conservados durante o tempo necess\u00e1rio para manter a finalidade do tratamento ou enquanto existirem prescri\u00e7\u00f5es legais que determinem a sua cust\u00f3dia e, quando j\u00e1 n\u00e3o forem necess\u00e1rios para esse fim, ser\u00e3o eliminados com medidas de seguran\u00e7a adequadas para garantir a anonimiza\u00e7\u00e3o dos dados ou a sua destrui\u00e7\u00e3o total.<\/p>\n<p>&nbsp;<\/p>\n<p>&nbsp;<\/p>\n<ol>\n<li>6<\/li>\n<\/ol>\n<p>A quem fornecemos os seus dados pessoais?<\/p>\n<p>&nbsp;<\/p>\n<p><strong>\u00a0<\/strong><\/p>\n<p><strong>\u00a0<\/strong><\/p>\n<p>N\u00e3o est\u00e1 prevista qualquer comunica\u00e7\u00e3o de dados pessoais a terceiros, exceto, se necess\u00e1rio para o desenvolvimento e execu\u00e7\u00e3o das finalidades do tratamento, aos nossos fornecedores de servi\u00e7os relacionados com comunica\u00e7\u00f5es, com os quais o RESPONS\u00c1VEL celebrou os contratos de confidencialidade e de encarregado do tratamento exigidos pela regulamenta\u00e7\u00e3o vigente em mat\u00e9ria de privacidade.<\/p>\n<p>&nbsp;<\/p>\n<p>&nbsp;<\/p>\n<p>Quais s\u00e3o os seus direitos?<\/p>\n<p><strong>\u00a0<\/strong><\/p>\n<p>Os direitos do UTILIZADOR s\u00e3o:<\/p>\n<p>&nbsp;<\/p>\n<p>Direito de retirar o consentimento a qualquer momento.<\/p>\n<p>Direito de acesso, retifica\u00e7\u00e3o, portabilidade e supress\u00e3o dos seus dados, e de limita\u00e7\u00e3o ou oposi\u00e7\u00e3o ao seu tratamento.<\/p>\n<p>Direito de apresentar uma reclama\u00e7\u00e3o \u00e0 autoridade de controlo (www.aepd.es) se considerar que o tratamento n\u00e3o est\u00e1 em conformidade com a regulamenta\u00e7\u00e3o em vigor.<\/p>\n<p><strong>Dados de contacto para exercer os seus direitos<\/strong>:<\/p>\n<p>&nbsp;<\/p>\n<p>PINTEGA XARDINS S.L.. Bajada G\u00e1ndara, 6 &#8211; 36330 VIGO (Pontevedra). E-mail: <a href=\"mailto:comercial@pintegaxardins.es\">comercial@pintegaxardins.es <\/a><\/p>\n<p>&nbsp;<\/p>\n<p>&nbsp;<\/p>\n<ol start=\"2\">\n<li>CAR\u00c1TER OBRIGAT\u00d3RIO OU FACULTATIVO DAS INFORMA\u00c7\u00d5ES FORNECIDAS PELO UTILIZADOR<\/li>\n<\/ol>\n<p>Os USU\u00c1RIOS, ao marcarem as caixas correspondentes e introduzirem dados nos campos marcados com um asterisco (*) no formul\u00e1rio de contacto ou apresentados nos formul\u00e1rios de download, aceitam expressamente, de forma livre e inequ\u00edvoca, que os seus dados s\u00e3o necess\u00e1rios para atender ao seu pedido por parte do prestador, sendo volunt\u00e1ria a inclus\u00e3o de dados nos restantes campos. O UTILIZADOR garante que os dados pessoais fornecidos ao RESPONS\u00c1VEL s\u00e3o verdadeiros e responsabiliza-se por comunicar qualquer altera\u00e7\u00e3o dos mesmos.<\/p>\n<p>O RESPONS\u00c1VEL informa que todos os dados solicitados atrav\u00e9s do site s\u00e3o obrigat\u00f3rios, uma vez que s\u00e3o necess\u00e1rios para a presta\u00e7\u00e3o de um servi\u00e7o \u00f3timo ao USU\u00c1RIO. Caso n\u00e3o sejam fornecidos todos os dados, n\u00e3o se garante que as informa\u00e7\u00f5es e servi\u00e7os fornecidos sejam totalmente adequados \u00e0s suas necessidades.<\/p>\n<p>&nbsp;<\/p>\n<ol start=\"3\">\n<li>Medidas de seguran\u00e7a<\/li>\n<\/ol>\n<p><strong>\u00a0<\/strong><\/p>\n<p>Que, em conformidade com o disposto nas normas vigentes em mat\u00e9ria de prote\u00e7\u00e3o de dados pessoais, o RESPONS\u00c1VEL cumpre todas as disposi\u00e7\u00f5es das normas GDPR e LOPDGDD para o tratamento dos dados pessoais sob a sua responsabilidade e, manifestamente, os princ\u00edpios descritos no artigo 5.\u00ba do GDPR, pelos quais s\u00e3o tratados de forma l\u00edcita, leal e transparente em rela\u00e7\u00e3o ao interessado e adequados, pertinentes e limitados ao necess\u00e1rio em rela\u00e7\u00e3o aos fins para os quais s\u00e3o tratados.<br \/>\n&nbsp;<\/p>\n<p>O RESPONS\u00c1VEL garante que implementou pol\u00edticas t\u00e9cnicas e organizacionais adequadas para aplicar as medidas de seguran\u00e7a estabelecidas pelo RGPD e pela LOPDGDD, com o objetivo de proteger os direitos e liberdades dos USU\u00c1RIOS, e que lhes comunicou as informa\u00e7\u00f5es adequadas para que possam exerc\u00ea-los.<\/p>\n<p>Para mais informa\u00e7\u00f5es sobre as garantias de privacidade, pode contactar o RESPONS\u00c1VEL atrav\u00e9s de<\/p>\n<p>&nbsp;<\/p>\n<p>&nbsp;<\/p>\n<p>&nbsp;<\/p>\n<p>PINTEGA XARDINS S.L.. Bajada G\u00e1ndara, 6 &#8211; 36330 VIGO (Pontevedra). E-mail: <a href=\"mailto:comercial@pintegaxardins.es\">comercial@pintegaxardins.es <\/a><\/p>\n<p>&nbsp;<\/p>\n<p>[\/vc_column_text][\/vc_column][\/vc_row][vc_row][vc_column][vc_single_image image=&#8221;2584&#8243; img_size=&#8221;full&#8221; alignment=&#8221;right&#8221;][\/vc_column][\/vc_row]<\/p>\n","protected":false},"excerpt":{"rendered":"<p>[vc_row][vc_column][vc_column_text] POL\u00cdTICA DE PRIVACIDADE INFORMA\u00c7\u00c3O AO UTILIZADOR \u00a0 \u00a0 Quem \u00e9 o respons\u00e1vel pelo tratamento dos seus dados pessoais? \u00a0 PINTEGA XARDINS S.L. \u00e9 o RESPONS\u00c1VEL pelo tratamento dos dados pessoais do UTILIZADOR e informa-o de que esses dados ser\u00e3o tratados em conformidade com o disposto no Regulamento (UE) 2016\/679, de 27 de abril (RGPD),&hellip;<\/p>\n","protected":false},"author":1,"featured_media":0,"parent":0,"menu_order":0,"comment_status":"closed","ping_status":"closed","template":"","meta":[],"class_list":["post-2591","page","type-page","status-publish","hentry","description-off"],"_links":{"self":[{"href":"https:\/\/pintegaxardins.es\/pt-pt\/wp-json\/wp\/v2\/pages\/2591","targetHints":{"allow":["GET"]}}],"collection":[{"href":"https:\/\/pintegaxardins.es\/pt-pt\/wp-json\/wp\/v2\/pages"}],"about":[{"href":"https:\/\/pintegaxardins.es\/pt-pt\/wp-json\/wp\/v2\/types\/page"}],"author":[{"embeddable":true,"href":"https:\/\/pintegaxardins.es\/pt-pt\/wp-json\/wp\/v2\/users\/1"}],"replies":[{"embeddable":true,"href":"https:\/\/pintegaxardins.es\/pt-pt\/wp-json\/wp\/v2\/comments?post=2591"}],"version-history":[{"count":4,"href":"https:\/\/pintegaxardins.es\/pt-pt\/wp-json\/wp\/v2\/pages\/2591\/revisions"}],"predecessor-version":[{"id":2595,"href":"https:\/\/pintegaxardins.es\/pt-pt\/wp-json\/wp\/v2\/pages\/2591\/revisions\/2595"}],"wp:attachment":[{"href":"https:\/\/pintegaxardins.es\/pt-pt\/wp-json\/wp\/v2\/media?parent=2591"}],"curies":[{"name":"wp","href":"https:\/\/api.w.org\/{rel}","templated":true}]}}