{"id":2603,"date":"2022-02-18T12:50:48","date_gmt":"2022-02-18T11:50:48","guid":{"rendered":"https:\/\/pintegaxardins.es\/?page_id=2603"},"modified":"2025-11-12T17:56:55","modified_gmt":"2025-11-12T16:56:55","slug":"politica-de-redes-sociais","status":"publish","type":"page","link":"https:\/\/pintegaxardins.es\/pt-pt\/politica-de-redes-sociais\/","title":{"rendered":"Pol\u00edtica de Redes Sociais"},"content":{"rendered":"<p>&nbsp;<\/p>\n<h2 class=\"Heading3\" style=\"text-align: center; text-indent: 0cm; margin: 0cm .9pt .0001pt 0cm;\" align=\"center\"><strong>POL\u00cdTICA DE PRIVACIDADE REDES SOCIAIS<\/strong><\/h2>\n<p>&nbsp;<\/p>\n<ol>\n<li><strong>INFORMA\u00c7\u00c3O AO UTILIZADOR<\/strong><\/li>\n<\/ol>\n<p>Quem \u00e9 o respons\u00e1vel pelo tratamento dos seus dados pessoais?<\/p>\n<p><strong>\u00a0<\/strong><\/p>\n<p>PINTEGA XARDINS S.L., daqui em diante, <strong>RESPONSABLE<\/strong>, informa o <strong>UTILIZADOR <\/strong>que criou um perfil nas redes sociais Facebook, Instagram, Twitter, LinkedIn, Youtube, Vimeo e Google+, sendo respons\u00e1vel pelo tratamento dos dados pessoais do utilizador que sejam recolhidos nessas redes sociais, e informa-o de que esses dados ser\u00e3o tratados em conformidade com o disposto no Regulamento (UE) 2016\/679, de 27 de abril (RGPD), e a Lei Org\u00e2nica 3\/2018, de 5 de dezembro (LOPDGDD), pelo que lhe \u00e9 fornecida a seguinte informa\u00e7\u00e3o sobre o tratamento:<\/p>\n<p><strong>\u00a0<\/strong><\/p>\n<p><strong>Fim do tratamento<\/strong>: manter uma rela\u00e7\u00e3o entre o UTILIZADOR e o RESPONS\u00c1VEL que pode incluir as seguintes opera\u00e7\u00f5es:<\/p>\n<p>Processar pedidos e consultas apresentados ao respons\u00e1vel<\/p>\n<p>Informar sobre atividades e eventos organizados pelo respons\u00e1vel Informar sobre produtos ou servi\u00e7os oferecidos pelo respons\u00e1vel Interagir atrav\u00e9s dos perfis oficiais<\/p>\n<p>Por que motivo podemos tratar os seus dados pessoais?<\/p>\n<p><strong>\u00a0<\/strong><\/p>\n<p><strong>Base jur\u00eddica do tratamento: artigo 6.1.a do RGPD, o interessado deu o seu consentimento para o tratamento dos seus dados pessoais para uma ou v\u00e1rias finalidades espec\u00edficas. O UTILIZADOR tem um perfil na mesma rede social e decidiu aderir \u00e0 rede social do RESPONS\u00c1VEL, demonstrando assim interesse nas informa\u00e7\u00f5es publicadas na mesma. Por conseguinte, ao solicitar seguir os nossos perfis oficiais, d\u00e1-nos o seu consentimento para o tratamento dos dados pessoais publicados no seu perfil.<\/p>\n<p>O UTILIZADOR pode aceder a qualquer momento \u00e0s pol\u00edticas de privacidade da pr\u00f3pria rede social, bem como configurar o seu perfil para garantir a sua privacidade.<\/p>\n<p>O RESPONS\u00c1VEL tem acesso e trata as informa\u00e7\u00f5es p\u00fablicas do UTILIZADOR, em especial, o seu nome de contacto. Estes dados s\u00e3o utilizados apenas dentro da pr\u00f3pria rede social e s\u00f3 ser\u00e3o incorporados num ficheiro do RESPONS\u00c1VEL quando necess\u00e1rio para processar o pedido do UTILIZADOR.<\/p>\n<p>&nbsp;<\/p>\n<p>Durante quanto tempo guardaremos os seus dados pessoais?<\/p>\n<p><strong>\u00a0<\/strong><\/p>\n<p><strong>Crit\u00e9rios de conserva\u00e7\u00e3o dos dados<\/strong>: ser\u00e3o conservados enquanto o UTILIZADOR n\u00e3o revogar o consentimento prestado, tal como indicado nesta pol\u00edtica de privacidade.<\/p>\n<p>A quem fornecemos os seus dados pessoais?<\/p>\n<p><strong>Comunica\u00e7\u00e3o dos dados<\/strong>: as informa\u00e7\u00f5es fornecidas pelo USU\u00c1RIO atrav\u00e9s das redes sociais do RESPONS\u00c1VEL, incluindo os seus dados pessoais, podem ser publicadas, sempre em fun\u00e7\u00e3o dos servi\u00e7os que o USU\u00c1RIO utiliza, pelo que podem ficar \u00e0 disposi\u00e7\u00e3o p\u00fablica de outros utilizadores terceiros das redes sociais. A partir do perfil de cada rede social, o USU\u00c1RIO pode configurar quais as informa\u00e7\u00f5es que deseja<\/p>\n<ol>\n<li>9<\/li>\n<\/ol>\n<p>tornar p\u00fablico em cada caso, ver as permiss\u00f5es que foram concedidas, elimin\u00e1-las ou desativ\u00e1-las, como<\/p>\n<p>&nbsp;<\/p>\n<p>&nbsp;<\/p>\n<p>&nbsp;<\/p>\n<p>qualquer aplica\u00e7\u00e3o de terceiros que j\u00e1 n\u00e3o se deseja utilizar.<\/p>\n<p>&nbsp;<\/p>\n<p>N\u00e3o est\u00e1 prevista qualquer comunica\u00e7\u00e3o de dados pessoais a terceiros fora da rede social, exceto se for imprescind\u00edvel para o desenvolvimento e execu\u00e7\u00e3o das finalidades do tratamento, aos nossos fornecedores de servi\u00e7os relacionados com comunica\u00e7\u00f5es, com os quais o RESPONS\u00c1VEL tem assinado os contratos de confidencialidade e de encarregado do tratamento exigidos pela normativa vigente em mat\u00e9ria de privacidade.<\/p>\n<p>&nbsp;<\/p>\n<p>Quais s\u00e3o os seus direitos?<\/p>\n<p><strong>\u00a0<\/strong><\/p>\n<p><strong>Direitos do USU\u00c1RIO<\/strong>: s\u00f3 poder\u00e3o ser satisfeitos em rela\u00e7\u00e3o \u00e0s informa\u00e7\u00f5es que se encontram sob o controlo do RESPONS\u00c1VEL.<\/p>\n<p>Direito de retirar o consentimento a qualquer momento<\/p>\n<p>Direito de acesso, retifica\u00e7\u00e3o, portabilidade e supress\u00e3o dos seus dados, e de limita\u00e7\u00e3o ou oposi\u00e7\u00e3o ao seu tratamento<\/p>\n<p>Direito de apresentar uma reclama\u00e7\u00e3o \u00e0 autoridade de controlo (www.aepd.es) se considerar que o tratamento n\u00e3o est\u00e1 em conformidade com a regulamenta\u00e7\u00e3o em vigor<\/p>\n<p><strong>Dados de contacto para exercer os seus direitos:<\/strong>:<\/p>\n<p>&nbsp;<\/p>\n<p>PINTEGA XARDINS S.L.. Bajada G\u00e1ndara, 6 &#8211; 36330 VIGO (Pontevedra). E-mail: <a href=\"mailto:comercial@pintegaxardins.es\">comercial@pintegaxardins.es <\/a><\/p>\n<p>&nbsp;<\/p>\n<ol start=\"2\">\n<li>UTILIZA\u00c7\u00c3O DO PERFIL<\/li>\n<\/ol>\n<p>O RESPONS\u00c1VEL realizar\u00e1 as seguintes a\u00e7\u00f5es: Acesso \u00e0s informa\u00e7\u00f5es p\u00fablicas do perfil<\/p>\n<p>Publica\u00e7\u00e3o no perfil do USU\u00c1RIO de todas as informa\u00e7\u00f5es j\u00e1 publicadas na rede social do RESPONS\u00c1VEL<\/p>\n<p>Envio de mensagens pessoais e individuais atrav\u00e9s dos canais da rede social Atualiza\u00e7\u00f5es do estado da p\u00e1gina que ser\u00e3o publicadas no perfil do USU\u00c1RIO<\/p>\n<p>O USU\u00c1RIO pode sempre controlar as suas conex\u00f5es, eliminar os conte\u00fados que deixarem de lhe interessar e restringir com quem partilha as suas conex\u00f5es; para isso, dever\u00e1 aceder \u00e0s suas configura\u00e7\u00f5es de privacidade.<\/p>\n<p>&nbsp;<\/p>\n<ol start=\"3\">\n<li>PUBLICA\u00c7\u00d5ES<\/li>\n<\/ol>\n<p>O UTILIZADOR, uma vez que seja seguidor ou tenha aderido \u00e0 rede social do RESPONS\u00c1VEL, poder\u00e1 publicar nesta coment\u00e1rios, links, imagens, fotografias ou qualquer outro tipo de conte\u00fado multim\u00e9dia suportado pela mesma. O UTILIZADOR, em todos os casos, deve ser o titular do conte\u00fado publicado, gozar dos direitos de autor e de propriedade intelectual ou contar com o consentimento dos terceiros afetados.<\/p>\n<p>\u00c9 expressamente proibida qualquer publica\u00e7\u00e3o na rede social, seja ela texto, gr\u00e1ficos, fotografias, v\u00eddeos, etc., que atente ou seja suscet\u00edvel de atentar contra a moral, a \u00e9tica, o bom gosto ou o decoro, e\/ou que infrinja, viole ou quebre os direitos de propriedade intelectual ou industrial, o direito \u00e0 imagem ou a Lei.<\/p>\n<p>Nestes casos, o RESPONS\u00c1VEL reserva-se o direito de retirar imediatamente o conte\u00fado, sem aviso pr\u00e9vio, podendo solicitar o bloqueio permanente do UTILIZADOR.<\/p>\n<p>&nbsp;<\/p>\n<p>&nbsp;<\/p>\n<p>&nbsp;<\/p>\n<p>O RESPONS\u00c1VEL n\u00e3o se responsabiliza pelos conte\u00fados que um USU\u00c1RIO tenha publicado livremente.<\/p>\n<p>&nbsp;<\/p>\n<p>O USU\u00c1RIO deve ter em conta que as suas publica\u00e7\u00f5es ser\u00e3o conhecidas por outros utilizadores, pelo que ele pr\u00f3prio \u00e9 o principal respons\u00e1vel pela sua privacidade.<\/p>\n<p>&nbsp;<\/p>\n<p>As imagens que possam ser publicadas na rede social n\u00e3o ser\u00e3o armazenadas em nenhum ficheiro pelo RESPONS\u00c1VEL, mas permanecer\u00e3o na rede social.<\/p>\n<p>&nbsp;<\/p>\n<ol start=\"4\">\n<li>DADOS DE MENORES DE IDADE OU PESSOAS COM CAPACIDADES ESPECIAIS<\/li>\n<\/ol>\n<p>O acesso e registo atrav\u00e9s das redes sociais do RESPONS\u00c1VEL s\u00e3o proibidos a menores de 18 anos. Por sua vez, se o UTILIZADOR tiver capacidades especiais, ser\u00e1 necess\u00e1ria a interven\u00e7\u00e3o do seu tutor legal ou representante legal, mediante documento v\u00e1lido que comprove a representa\u00e7\u00e3o.<\/p>\n<p>O RESPONS\u00c1VEL ficar\u00e1 expressamente isento de qualquer responsabilidade que possa decorrer do uso das redes sociais por menores ou pessoas com capacidades especiais. As redes sociais do RESPONS\u00c1VEL n\u00e3o recolhem conscientemente nenhuma informa\u00e7\u00e3o pessoal de menores de idade, portanto, se o USU\u00c1RIO for menor de idade, n\u00e3o deve se registar, nem utilizar as redes sociais do RESPONS\u00c1VEL, nem fornecer qualquer informa\u00e7\u00e3o pessoal.<\/p>\n","protected":false},"excerpt":{"rendered":"<p>&nbsp; POL\u00cdTICA DE PRIVACIDADE REDES SOCIAIS &nbsp; INFORMA\u00c7\u00c3O AO UTILIZADOR Quem \u00e9 o respons\u00e1vel pelo tratamento dos seus dados pessoais? \u00a0 PINTEGA XARDINS S.L., daqui em diante, RESPONSABLE, informa o UTILIZADOR que criou um perfil nas redes sociais Facebook, Instagram, Twitter, LinkedIn, Youtube, Vimeo e Google+, sendo respons\u00e1vel pelo tratamento dos dados pessoais do utilizador&hellip;<\/p>\n","protected":false},"author":1,"featured_media":0,"parent":0,"menu_order":0,"comment_status":"closed","ping_status":"closed","template":"","meta":[],"class_list":["post-2603","page","type-page","status-publish","hentry","description-off"],"_links":{"self":[{"href":"https:\/\/pintegaxardins.es\/pt-pt\/wp-json\/wp\/v2\/pages\/2603","targetHints":{"allow":["GET"]}}],"collection":[{"href":"https:\/\/pintegaxardins.es\/pt-pt\/wp-json\/wp\/v2\/pages"}],"about":[{"href":"https:\/\/pintegaxardins.es\/pt-pt\/wp-json\/wp\/v2\/types\/page"}],"author":[{"embeddable":true,"href":"https:\/\/pintegaxardins.es\/pt-pt\/wp-json\/wp\/v2\/users\/1"}],"replies":[{"embeddable":true,"href":"https:\/\/pintegaxardins.es\/pt-pt\/wp-json\/wp\/v2\/comments?post=2603"}],"version-history":[{"count":2,"href":"https:\/\/pintegaxardins.es\/pt-pt\/wp-json\/wp\/v2\/pages\/2603\/revisions"}],"predecessor-version":[{"id":2606,"href":"https:\/\/pintegaxardins.es\/pt-pt\/wp-json\/wp\/v2\/pages\/2603\/revisions\/2606"}],"wp:attachment":[{"href":"https:\/\/pintegaxardins.es\/pt-pt\/wp-json\/wp\/v2\/media?parent=2603"}],"curies":[{"name":"wp","href":"https:\/\/api.w.org\/{rel}","templated":true}]}}